{"id":513,"date":"2020-12-08T16:18:54","date_gmt":"2020-12-08T19:18:54","guid":{"rendered":"http:\/\/ontheroadidiomas.com.br\/site\/?post_type=product&#038;p=513"},"modified":"2023-01-31T21:22:25","modified_gmt":"2023-02-01T00:22:25","slug":"aulas-vip-vip-lessons-business-english","status":"publish","type":"product","link":"https:\/\/ontheroadidiomas.com.br\/site\/produto\/aulas-vip-vip-lessons-business-english\/","title":{"rendered":"Aulas VIP\/Vip Lessons"},"content":{"rendered":"<p>Seja qual for o objetivo que voc\u00ea precise atingir em sua vida profissional, pode contar com aulas particulares especializadas para atingi-lo. Seja por meio de um de nossos cursos, como o \u201cComo criar seu Pitch\u201d, criar seu CV\/Resum\u00e8\/LinkedIn ou uma apresenta\u00e7\u00e3o. Podemos tamb\u00e9m trein\u00e1-lo para conseguir uma certifica\u00e7\u00e3o internacional ou entrevista de emprego, para aquela viagem internacional\u2026 Suas necessidades de tempo e hor\u00e1rios ser\u00e3o consideradas e o trabalho desenvolvido customizado.<\/p>\n","protected":false},"excerpt":{"rendered":"<p>Seja qual for o objetivo que voc\u00ea precise atingir em sua vida profissional, pode contar com aulas particulares especializadas para atingi-lo. Seja por meio de um de nossos cursos, como o \u201cComo criar seu Pitch\u201d, criar seu CV\/Resum\u00e8\/LinkedIn ou uma apresenta\u00e7\u00e3o. Podemos tamb\u00e9m trein\u00e1-lo para conseguir uma certifica\u00e7\u00e3o internacional ou entrevista de emprego, para aquela [&hellip;]<\/p>\n","protected":false},"featured_media":508,"template":"","meta":{"site-sidebar-layout":"default","site-content-layout":"default","ast-site-content-layout":"default","site-content-style":"default","site-sidebar-style":"default","ast-global-header-display":"","ast-banner-title-visibility":"","ast-main-header-display":"","ast-hfb-above-header-display":"","ast-hfb-below-header-display":"","ast-hfb-mobile-header-display":"","site-post-title":"","ast-breadcrumbs-content":"","ast-featured-img":"","footer-sml-layout":"","ast-disable-related-posts":"","theme-transparent-header-meta":"default","adv-header-id-meta":"","stick-header-meta":"","header-above-stick-meta":"","header-main-stick-meta":"","header-below-stick-meta":"","astra-migrate-meta-layouts":"default","ast-page-background-enabled":"default","ast-page-background-meta":{"desktop":{"background-color":"","background-image":"","background-repeat":"repeat","background-position":"center center","background-size":"auto","background-attachment":"scroll","background-type":"","background-media":"","overlay-type":"","overlay-color":"","overlay-opacity":"","overlay-gradient":""},"tablet":{"background-color":"","background-image":"","background-repeat":"repeat","background-position":"center center","background-size":"auto","background-attachment":"scroll","background-type":"","background-media":"","overlay-type":"","overlay-color":"","overlay-opacity":"","overlay-gradient":""},"mobile":{"background-color":"","background-image":"","background-repeat":"repeat","background-position":"center center","background-size":"auto","background-attachment":"scroll","background-type":"","background-media":"","overlay-type":"","overlay-color":"","overlay-opacity":"","overlay-gradient":""}},"ast-content-background-meta":{"desktop":{"background-color":"var(--ast-global-color-5)","background-image":"","background-repeat":"repeat","background-position":"center center","background-size":"auto","background-attachment":"scroll","background-type":"","background-media":"","overlay-type":"","overlay-color":"","overlay-opacity":"","overlay-gradient":""},"tablet":{"background-color":"var(--ast-global-color-5)","background-image":"","background-repeat":"repeat","background-position":"center center","background-size":"auto","background-attachment":"scroll","background-type":"","background-media":"","overlay-type":"","overlay-color":"","overlay-opacity":"","overlay-gradient":""},"mobile":{"background-color":"var(--ast-global-color-5)","background-image":"","background-repeat":"repeat","background-position":"center center","background-size":"auto","background-attachment":"scroll","background-type":"","background-media":"","overlay-type":"","overlay-color":"","overlay-opacity":"","overlay-gradient":""}},"_joinchat":[]},"product_brand":[],"product_cat":[15],"product_tag":[],"class_list":{"0":"post-513","1":"product","2":"type-product","3":"status-publish","4":"has-post-thumbnail","6":"product_cat-aulas-vip","7":"desktop-align-left","8":"tablet-align-left","9":"mobile-align-left","10":"wcpa_has_options","12":"first","13":"instock","14":"virtual","15":"purchasable","16":"product-type-simple"},"wcpa_form_fields":{"wcpaData":{"product":{"product_price":120,"price_html":"<span class=\"woocommerce-Price-amount amount\"><bdi><span class=\"woocommerce-Price-currencySymbol\">&#82;&#36;<\/span>120,00<\/bdi><\/span>","original_product_price":120,"price_including_tax":120,"price_excluding_tax":120,"product_id":{"parent":513,"variation":false},"is_variable":false,"stock_status":"instock","stock_quantity":null,"parent_sku":"","product_attributes":[],"custom_fields":[],"is_taxable":false},"fields":{"sec_569eba9dd21efa":{"extra":{"key":"sec_569eba9dd21efa","section_id":"sec_569eba9dd21efa","name":"Default","status":1,"cl_rule":"show","enableCl":false,"relations":[],"toggle":true,"title_tag":"h3","show_title":false,"showPrice":"default","form_id":100,"form_rules":{"exclude_from_discount":false,"fee_label":"Fee","disp_hide_options_price":false,"disp_show_section_price":false,"disp_show_field_price":true,"layout_option":"standard","pric_use_as_fee":false,"process_fee_as":"woo_fee"},"layout_option":"standard"},"fields":[[{"type":"datetime-local","elementId":"wcpa-datetime-local-1607442990772","label":"Data e Hor\u00e1rio ","placeholder":"Escolha a Data e Hor\u00e1rio da Primeira Aula","pricingType":"fixed","name":"datetime-local-1607442990772","min_date":"None","max_date":"None","cl_rule":"show","col":6,"relations":false,"active":true,"tooltip":"","picker_mode":"single","gt_translate_keys":["label","placeholder","tooltip"],"price_dependency":false,"cl_dependency":false,"value":""}]]}},"config":{"price_override":"","enable_recaptcha":false,"bind_quantity":false,"quantity_bind_formula":"","disp_summ_show_option_price":true,"disp_summ_show_product_price":true,"disp_summ_show_total_price":true,"disp_summ_show_fee":false,"disp_summ_show_discount":false,"summary_title":"","options_total_label":"Options Price","total_label":"Total","options_product_label":"Product Price","fee_label":"Fee","discount_label":"Discount","has_price":true,"has_quantity_formula":false},"mc_unit":1,"tax_rate":1,"tax_rate_real":1,"discount":{"percentage":0,"fixed":0},"design":{"conf":{"LabelPosition":"above","DescPosition":"above","UploadField":"custom_1","QuantityFieldStyle":"default"},"css":{"LeftLabelWidth":"120px"}},"formulas":[],"clones":false,"cartKey":false}},"_links":{"self":[{"href":"https:\/\/ontheroadidiomas.com.br\/site\/wp-json\/wp\/v2\/product\/513","targetHints":{"allow":["GET"]}}],"collection":[{"href":"https:\/\/ontheroadidiomas.com.br\/site\/wp-json\/wp\/v2\/product"}],"about":[{"href":"https:\/\/ontheroadidiomas.com.br\/site\/wp-json\/wp\/v2\/types\/product"}],"wp:featuredmedia":[{"embeddable":true,"href":"https:\/\/ontheroadidiomas.com.br\/site\/wp-json\/wp\/v2\/media\/508"}],"wp:attachment":[{"href":"https:\/\/ontheroadidiomas.com.br\/site\/wp-json\/wp\/v2\/media?parent=513"}],"wp:term":[{"taxonomy":"product_brand","embeddable":true,"href":"https:\/\/ontheroadidiomas.com.br\/site\/wp-json\/wp\/v2\/product_brand?post=513"},{"taxonomy":"product_cat","embeddable":true,"href":"https:\/\/ontheroadidiomas.com.br\/site\/wp-json\/wp\/v2\/product_cat?post=513"},{"taxonomy":"product_tag","embeddable":true,"href":"https:\/\/ontheroadidiomas.com.br\/site\/wp-json\/wp\/v2\/product_tag?post=513"}],"curies":[{"name":"wp","href":"https:\/\/api.w.org\/{rel}","templated":true}]}}