{"id":37,"date":"2020-12-08T11:12:59","date_gmt":"2020-12-08T14:12:59","guid":{"rendered":"http:\/\/ontheroadidiomas.com.br\/site\/?page_id=37"},"modified":"2020-12-14T20:25:49","modified_gmt":"2020-12-14T23:25:49","slug":"cursos-online","status":"publish","type":"page","link":"https:\/\/ontheroadidiomas.com.br\/site\/cursos-online\/","title":{"rendered":"Cursos Online"},"content":{"rendered":"\t\t<div data-elementor-type=\"wp-page\" data-elementor-id=\"37\" class=\"elementor elementor-37\" data-elementor-settings=\"{&quot;ha_cmc_init_switcher&quot;:&quot;no&quot;}\" data-elementor-post-type=\"page\">\n\t\t\t\t\t\t<section class=\"elementor-section elementor-top-section elementor-element elementor-element-253a42e9 elementor-section-height-min-height elementor-section-items-bottom elementor-section-content-middle elementor-section-boxed elementor-section-height-default\" data-id=\"253a42e9\" data-element_type=\"section\" data-e-type=\"section\" data-settings=\"{&quot;background_background&quot;:&quot;classic&quot;,&quot;_ha_eqh_enable&quot;:false}\">\n\t\t\t\t\t\t<div class=\"elementor-container elementor-column-gap-default\">\n\t\t\t\t\t<div class=\"elementor-column elementor-col-100 elementor-top-column elementor-element elementor-element-67c4d1d\" data-id=\"67c4d1d\" data-element_type=\"column\" data-e-type=\"column\">\n\t\t\t<div class=\"elementor-widget-wrap elementor-element-populated\">\n\t\t\t\t\t\t<div class=\"elementor-element elementor-element-448a19b4 elementor-widget elementor-widget-heading\" data-id=\"448a19b4\" data-element_type=\"widget\" data-e-type=\"widget\" data-widget_type=\"heading.default\">\n\t\t\t\t<div class=\"elementor-widget-container\">\n\t\t\t\t\t<h1 class=\"elementor-heading-title elementor-size-default\">cursos online<\/h1>\t\t\t\t<\/div>\n\t\t\t\t<\/div>\n\t\t\t\t\t<\/div>\n\t\t<\/div>\n\t\t\t\t\t<\/div>\n\t\t<\/section>\n\t\t\t\t<section class=\"elementor-section elementor-top-section elementor-element elementor-element-c1a39ca elementor-section-boxed elementor-section-height-default elementor-section-height-default\" data-id=\"c1a39ca\" data-element_type=\"section\" data-e-type=\"section\" data-settings=\"{&quot;_ha_eqh_enable&quot;:false}\">\n\t\t\t\t\t\t<div class=\"elementor-container elementor-column-gap-default\">\n\t\t\t\t\t<div class=\"elementor-column elementor-col-100 elementor-top-column elementor-element elementor-element-db9ee2a\" data-id=\"db9ee2a\" data-element_type=\"column\" data-e-type=\"column\">\n\t\t\t<div class=\"elementor-widget-wrap elementor-element-populated\">\n\t\t\t\t\t\t<div class=\"elementor-element elementor-element-c1264ad elementor-product-loop-item--align-center elementor-grid-4 elementor-grid-tablet-3 elementor-grid-mobile-2 elementor-products-grid elementor-wc-products elementor-widget elementor-widget-woocommerce-products\" data-id=\"c1264ad\" data-element_type=\"widget\" data-e-type=\"widget\" data-widget_type=\"woocommerce-products.default\">\n\t\t\t\t<div class=\"elementor-widget-container\">\n\t\t\t\t\t<div class=\"woocommerce columns-4 \"><ul class=\"products elementor-grid columns-4\">\n<li class=\"desktop-align-left tablet-align-left mobile-align-left product type-product post-6710 status-publish first instock product_cat-cursos-online shipping-taxable product-type-simple\">\n\t<a href=\"https:\/\/ontheroadidiomas.com.br\/site\/produto\/phrasal-verbs\/\" class=\"woocommerce-LoopProduct-link woocommerce-loop-product__link\"><img fetchpriority=\"high\" decoding=\"async\" width=\"300\" height=\"300\" src=\"https:\/\/ontheroadidiomas.com.br\/site\/wp-content\/uploads\/woocommerce-placeholder-300x300.png\" class=\"woocommerce-placeholder wp-post-image\" alt=\"Conte\u00fado de marca\u00e7\u00e3o\" srcset=\"https:\/\/ontheroadidiomas.com.br\/site\/wp-content\/uploads\/woocommerce-placeholder-300x300.png 300w, https:\/\/ontheroadidiomas.com.br\/site\/wp-content\/uploads\/woocommerce-placeholder-100x100.png 100w, https:\/\/ontheroadidiomas.com.br\/site\/wp-content\/uploads\/woocommerce-placeholder-600x600.png 600w, https:\/\/ontheroadidiomas.com.br\/site\/wp-content\/uploads\/woocommerce-placeholder-1024x1024.png 1024w, https:\/\/ontheroadidiomas.com.br\/site\/wp-content\/uploads\/woocommerce-placeholder-150x150.png 150w, https:\/\/ontheroadidiomas.com.br\/site\/wp-content\/uploads\/woocommerce-placeholder-768x768.png 768w, https:\/\/ontheroadidiomas.com.br\/site\/wp-content\/uploads\/woocommerce-placeholder.png 1200w\" sizes=\"(max-width: 300px) 100vw, 300px\" \/><h2 class=\"woocommerce-loop-product__title\">Phrasal Verbs<\/h2>\n<\/a><a href=\"https:\/\/ontheroadidiomas.com.br\/site\/produto\/phrasal-verbs\/\" data-quantity=\"1\" class=\"ast-on-card-button ast-select-options-trigger product_type_simple\" data-product_id=\"6710\" data-product_sku=\"\" aria-label=\"Leia mais sobre &ldquo;Phrasal Verbs&rdquo;\" rel=\"nofollow\"> <span class=\"ast-card-action-tooltip\"> Leia mais <\/span> <span class=\"ahfb-svg-iconset\"> <span aria-hidden=\"true\" class=\"ahfb-svg-iconset ast-inline-flex\"><svg xmlns='http:\/\/www.w3.org\/2000\/svg' viewBox='0 0 448 512'><path d='M352 160v-32C352 57.42 294.579 0 224 0 153.42 0 96 57.42 96 128v32H0v272c0 44.183 35.817 80 80 80h288c44.183 0 80-35.817 80-80V160h-96zm-192-32c0-35.29 28.71-64 64-64s64 28.71 64 64v32H160v-32zm160 120c-13.255 0-24-10.745-24-24s10.745-24 24-24 24 10.745 24 24-10.745 24-24 24zm-192 0c-13.255 0-24-10.745-24-24s10.745-24 24-24 24 10.745 24 24-10.745 24-24 24z'><\/path><\/svg><\/span> <\/span> <\/a><a href=\"https:\/\/ontheroadidiomas.com.br\/site\/produto\/phrasal-verbs\/\" aria-describedby=\"woocommerce_loop_add_to_cart_link_describedby_6710\" data-quantity=\"1\" class=\"button product_type_simple\" data-product_id=\"6710\" data-product_sku=\"\" aria-label=\"Leia mais sobre &ldquo;Phrasal Verbs&rdquo;\" rel=\"nofollow\" data-success_message=\"\">Leia mais<\/a>\t<span id=\"woocommerce_loop_add_to_cart_link_describedby_6710\" class=\"screen-reader-text\">\n\t\t\t<\/span>\n<\/li>\n<li class=\"desktop-align-left tablet-align-left mobile-align-left product type-product post-5848 status-publish instock product_cat-cursos-online has-post-thumbnail sale virtual sold-individually purchasable product-type-simple\">\n\t<a href=\"https:\/\/ontheroadidiomas.com.br\/site\/produto\/the-essential-phrasal-verbs-survival-guide\/\" class=\"woocommerce-LoopProduct-link woocommerce-loop-product__link\">\n\t\n\t<img decoding=\"async\" width=\"300\" height=\"300\" src=\"https:\/\/ontheroadidiomas.com.br\/site\/wp-content\/uploads\/2021\/07\/COME-UPON-FIND-A-SOLUTION-300x300.jpg\" class=\"attachment-woocommerce_thumbnail size-woocommerce_thumbnail\" alt=\"The essential Phrasal Verbs survival guide 20h + 1h30min live class with George Bentley\" srcset=\"https:\/\/ontheroadidiomas.com.br\/site\/wp-content\/uploads\/2021\/07\/COME-UPON-FIND-A-SOLUTION-300x300.jpg 300w, https:\/\/ontheroadidiomas.com.br\/site\/wp-content\/uploads\/2021\/07\/COME-UPON-FIND-A-SOLUTION-150x150.jpg 150w, https:\/\/ontheroadidiomas.com.br\/site\/wp-content\/uploads\/2021\/07\/COME-UPON-FIND-A-SOLUTION-100x100.jpg 100w\" sizes=\"(max-width: 300px) 100vw, 300px\" \/><h2 class=\"woocommerce-loop-product__title\">The essential Phrasal Verbs survival guide 20h + 1h30min live class with George Bentley<\/h2>\n\t<span class=\"price\"><del aria-hidden=\"true\"><span class=\"woocommerce-Price-amount amount\"><bdi><span class=\"woocommerce-Price-currencySymbol\">&#82;&#36;<\/span>1.000,00<\/bdi><\/span><\/del> <span class=\"screen-reader-text\">O pre\u00e7o original era: &#082;&#036;1.000,00.<\/span><ins aria-hidden=\"true\"><span class=\"woocommerce-Price-amount amount\"><bdi><span class=\"woocommerce-Price-currencySymbol\">&#82;&#36;<\/span>260,00<\/bdi><\/span><\/ins><span class=\"screen-reader-text\">O pre\u00e7o atual \u00e9: &#082;&#036;260,00.<\/span><\/span>\n<\/a><span  class=\"ast-on-card-button ast-onsale-card\" data-notification=\"default\">Sale!<\/span><a href=\"\/site\/wp-json\/wp\/v2\/pages\/37?add-to-cart=5848\" data-quantity=\"1\" class=\"ast-on-card-button ast-select-options-trigger product_type_simple add_to_cart_button ajax_add_to_cart\" data-product_id=\"5848\" data-product_sku=\"\" aria-label=\"Adicione ao carrinho: &ldquo;The essential Phrasal Verbs survival guide 20h + 1h30min live class with George Bentley&rdquo;\" rel=\"nofollow\"> <span class=\"ast-card-action-tooltip\"> Adicionar ao carrinho <\/span> <span class=\"ahfb-svg-iconset\"> <span aria-hidden=\"true\" class=\"ahfb-svg-iconset ast-inline-flex\"><svg xmlns='http:\/\/www.w3.org\/2000\/svg' viewBox='0 0 448 512'><path d='M352 160v-32C352 57.42 294.579 0 224 0 153.42 0 96 57.42 96 128v32H0v272c0 44.183 35.817 80 80 80h288c44.183 0 80-35.817 80-80V160h-96zm-192-32c0-35.29 28.71-64 64-64s64 28.71 64 64v32H160v-32zm160 120c-13.255 0-24-10.745-24-24s10.745-24 24-24 24 10.745 24 24-10.745 24-24 24zm-192 0c-13.255 0-24-10.745-24-24s10.745-24 24-24 24 10.745 24 24-10.745 24-24 24z'><\/path><\/svg><\/span> <\/span> <\/a><a href=\"\/site\/wp-json\/wp\/v2\/pages\/37?add-to-cart=5848\" aria-describedby=\"woocommerce_loop_add_to_cart_link_describedby_5848\" data-quantity=\"1\" class=\"button product_type_simple add_to_cart_button ajax_add_to_cart\" data-product_id=\"5848\" data-product_sku=\"\" aria-label=\"Adicione ao carrinho: &ldquo;The essential Phrasal Verbs survival guide 20h + 1h30min live class with George Bentley&rdquo;\" rel=\"nofollow\" data-success_message=\"\u201cThe essential Phrasal Verbs survival guide 20h + 1h30min live class with George Bentley\u201d foi adicionado ao seu carrinho\">Adicionar ao carrinho<\/a>\t<span id=\"woocommerce_loop_add_to_cart_link_describedby_5848\" class=\"screen-reader-text\">\n\t\t\t<\/span>\n<\/li>\n<\/ul>\n<\/div>\t\t\t\t<\/div>\n\t\t\t\t<\/div>\n\t\t\t\t\t<\/div>\n\t\t<\/div>\n\t\t\t\t\t<\/div>\n\t\t<\/section>\n\t\t\t\t<\/div>\n\t\t","protected":false},"excerpt":{"rendered":"<p>cursos online<\/p>\n","protected":false},"author":1,"featured_media":0,"parent":0,"menu_order":0,"comment_status":"closed","ping_status":"closed","template":"elementor_header_footer","meta":{"site-sidebar-layout":"no-sidebar","site-content-layout":"page-builder","ast-site-content-layout":"default","site-content-style":"default","site-sidebar-style":"default","ast-global-header-display":"","ast-banner-title-visibility":"","ast-main-header-display":"","ast-hfb-above-header-display":"","ast-hfb-below-header-display":"","ast-hfb-mobile-header-display":"","site-post-title":"disabled","ast-breadcrumbs-content":"","ast-featured-img":"disabled","footer-sml-layout":"","ast-disable-related-posts":"","theme-transparent-header-meta":"default","adv-header-id-meta":"","stick-header-meta":"","header-above-stick-meta":"","header-main-stick-meta":"","header-below-stick-meta":"","astra-migrate-meta-layouts":"default","ast-page-background-enabled":"default","ast-page-background-meta":{"desktop":{"background-color":"","background-image":"","background-repeat":"repeat","background-position":"center center","background-size":"auto","background-attachment":"scroll","background-type":"","background-media":"","overlay-type":"","overlay-color":"","overlay-opacity":"","overlay-gradient":""},"tablet":{"background-color":"","background-image":"","background-repeat":"repeat","background-position":"center center","background-size":"auto","background-attachment":"scroll","background-type":"","background-media":"","overlay-type":"","overlay-color":"","overlay-opacity":"","overlay-gradient":""},"mobile":{"background-color":"","background-image":"","background-repeat":"repeat","background-position":"center center","background-size":"auto","background-attachment":"scroll","background-type":"","background-media":"","overlay-type":"","overlay-color":"","overlay-opacity":"","overlay-gradient":""}},"ast-content-background-meta":{"desktop":{"background-color":"var(--ast-global-color-5)","background-image":"","background-repeat":"repeat","background-position":"center center","background-size":"auto","background-attachment":"scroll","background-type":"","background-media":"","overlay-type":"","overlay-color":"","overlay-opacity":"","overlay-gradient":""},"tablet":{"background-color":"var(--ast-global-color-5)","background-image":"","background-repeat":"repeat","background-position":"center center","background-size":"auto","background-attachment":"scroll","background-type":"","background-media":"","overlay-type":"","overlay-color":"","overlay-opacity":"","overlay-gradient":""},"mobile":{"background-color":"var(--ast-global-color-5)","background-image":"","background-repeat":"repeat","background-position":"center center","background-size":"auto","background-attachment":"scroll","background-type":"","background-media":"","overlay-type":"","overlay-color":"","overlay-opacity":"","overlay-gradient":""}},"_joinchat":[],"footnotes":""},"class_list":["post-37","page","type-page","status-publish","hentry"],"_links":{"self":[{"href":"https:\/\/ontheroadidiomas.com.br\/site\/wp-json\/wp\/v2\/pages\/37","targetHints":{"allow":["GET"]}}],"collection":[{"href":"https:\/\/ontheroadidiomas.com.br\/site\/wp-json\/wp\/v2\/pages"}],"about":[{"href":"https:\/\/ontheroadidiomas.com.br\/site\/wp-json\/wp\/v2\/types\/page"}],"author":[{"embeddable":true,"href":"https:\/\/ontheroadidiomas.com.br\/site\/wp-json\/wp\/v2\/users\/1"}],"replies":[{"embeddable":true,"href":"https:\/\/ontheroadidiomas.com.br\/site\/wp-json\/wp\/v2\/comments?post=37"}],"version-history":[{"count":0,"href":"https:\/\/ontheroadidiomas.com.br\/site\/wp-json\/wp\/v2\/pages\/37\/revisions"}],"wp:attachment":[{"href":"https:\/\/ontheroadidiomas.com.br\/site\/wp-json\/wp\/v2\/media?parent=37"}],"curies":[{"name":"wp","href":"https:\/\/api.w.org\/{rel}","templated":true}]}}